{"id":7321,"date":"2024-11-11T23:37:13","date_gmt":"2024-11-11T20:37:13","guid":{"rendered":"https:\/\/www.mrpratic.com.tr\/cart\/"},"modified":"2024-11-11T23:37:13","modified_gmt":"2024-11-11T20:37:13","slug":"cart","status":"publish","type":"page","link":"https:\/\/www.mrpratic.com.tr\/en\/cart\/","title":{"rendered":"Cart"},"content":{"rendered":"\n<div data-block-name=\"woocommerce\/cart\" class=\"wp-block-woocommerce-cart alignwide is-loading\">\n<div data-block-name=\"woocommerce\/filled-cart-block\" class=\"wp-block-woocommerce-filled-cart-block\">\n<div data-block-name=\"woocommerce\/cart-items-block\" class=\"wp-block-woocommerce-cart-items-block\">\n<div data-block-name=\"woocommerce\/cart-line-items-block\" class=\"wp-block-woocommerce-cart-line-items-block\"><\/div>\n\n\n\n<div data-block-name=\"woocommerce\/cart-cross-sells-block\" class=\"wp-block-woocommerce-cart-cross-sells-block\">\n<h2 class=\"wp-block-heading has-large-font-size\">\u0130lginizi \u00e7ekebilir\u2026<\/h2>\n\n\n\n<div data-block-name=\"woocommerce\/cart-cross-sells-products-block\" class=\"wp-block-woocommerce-cart-cross-sells-products-block\"><\/div>\n<\/div>\n<\/div>\n\n\n\n<div data-block-name=\"woocommerce\/cart-totals-block\" class=\"wp-block-woocommerce-cart-totals-block\">\n<div data-block-name=\"woocommerce\/cart-order-summary-block\" class=\"wp-block-woocommerce-cart-order-summary-block\">\n<div data-block-name=\"woocommerce\/cart-order-summary-heading-block\" class=\"wp-block-woocommerce-cart-order-summary-heading-block\"><\/div><div data-block-name=\"woocommerce\/cart-order-summary-coupon-form-block\" class=\"wp-block-woocommerce-cart-order-summary-coupon-form-block\"><\/div><div data-block-name=\"woocommerce\/cart-order-summary-totals-block\" class=\"wp-block-woocommerce-cart-order-summary-totals-block\">\n<div data-block-name=\"woocommerce\/cart-order-summary-subtotal-block\" class=\"wp-block-woocommerce-cart-order-summary-subtotal-block\"><\/div>\n<div data-block-name=\"woocommerce\/cart-order-summary-discount-block\" class=\"wp-block-woocommerce-cart-order-summary-discount-block\"><\/div>\n<div data-block-name=\"woocommerce\/cart-order-summary-fee-block\" class=\"wp-block-woocommerce-cart-order-summary-fee-block\"><\/div>\n<div data-block-name=\"woocommerce\/cart-order-summary-shipping-block\" class=\"wp-block-woocommerce-cart-order-summary-shipping-block\"><\/div>\n<div data-block-name=\"woocommerce\/cart-order-summary-taxes-block\" class=\"wp-block-woocommerce-cart-order-summary-taxes-block\"><\/div><\/div>\n<\/div>\n\n\n\n<div data-block-name=\"woocommerce\/cart-express-payment-block\" class=\"wp-block-woocommerce-cart-express-payment-block\"><\/div>\n\n\n\n<div data-block-name=\"woocommerce\/proceed-to-checkout-block\" class=\"wp-block-woocommerce-proceed-to-checkout-block\"><\/div>\n\n\n\n<div data-block-name=\"woocommerce\/cart-accepted-payment-methods-block\" class=\"wp-block-woocommerce-cart-accepted-payment-methods-block\"><\/div>\n<\/div>\n<\/div>\n\n\n\n<div data-block-name=\"woocommerce\/empty-cart-block\" class=\"wp-block-woocommerce-empty-cart-block\">\n<h2 class=\"wp-block-heading has-text-align-center with-empty-cart-icon wc-block-cart__empty-cart__title\">Sepetiniz \u015fu anda bo\u015f!<\/h2>\n\n\n\n<hr class=\"wp-block-separator has-alpha-channel-opacity is-style-dots\"\/>\n\n\n\n<h2 class=\"wp-block-heading has-text-align-center\">Ma\u011fazada yeni<\/h2>\n\n\n<div data-block-name=\"woocommerce\/product-new\" data-columns=\"4\" data-rows=\"1\" class=\"wc-block-grid wp-block-product-new wp-block-woocommerce-product-new wc-block-product-new has-4-columns\"><ul class=\"wc-block-grid__products\"><li class=\"wc-block-grid__product\">\n\t\t\t\t<a href=\"https:\/\/www.mrpratic.com.tr\/en\/urun\/toronto-cleaning-set-17-l\/\" class=\"wc-block-grid__product-link\">\n\t\t\t\t\t\n\t\t\t\t\t<div class=\"wc-block-grid__product-image\"><img loading=\"lazy\" decoding=\"async\" width=\"300\" height=\"300\" src=\"https:\/\/www.mrpratic.com.tr\/wp-content\/uploads\/2024\/09\/MR149-Toronto-Siyah-2-300x300.webp\" class=\"attachment-woocommerce_thumbnail size-woocommerce_thumbnail\" alt=\"Toronto Cleaning Set 17 L\" srcset=\"https:\/\/www.mrpratic.com.tr\/wp-content\/uploads\/2024\/09\/MR149-Toronto-Siyah-2-300x300.webp 300w, https:\/\/www.mrpratic.com.tr\/wp-content\/uploads\/2024\/09\/MR149-Toronto-Siyah-2-1024x1024.webp 1024w, https:\/\/www.mrpratic.com.tr\/wp-content\/uploads\/2024\/09\/MR149-Toronto-Siyah-2-150x150.webp 150w, https:\/\/www.mrpratic.com.tr\/wp-content\/uploads\/2024\/09\/MR149-Toronto-Siyah-2-768x768.webp 768w, https:\/\/www.mrpratic.com.tr\/wp-content\/uploads\/2024\/09\/MR149-Toronto-Siyah-2-140x140.webp 140w, https:\/\/www.mrpratic.com.tr\/wp-content\/uploads\/2024\/09\/MR149-Toronto-Siyah-2-100x100.webp 100w, https:\/\/www.mrpratic.com.tr\/wp-content\/uploads\/2024\/09\/MR149-Toronto-Siyah-2-500x500.webp 500w, https:\/\/www.mrpratic.com.tr\/wp-content\/uploads\/2024\/09\/MR149-Toronto-Siyah-2-350x350.webp 350w, https:\/\/www.mrpratic.com.tr\/wp-content\/uploads\/2024\/09\/MR149-Toronto-Siyah-2-1000x1000.webp 1000w, https:\/\/www.mrpratic.com.tr\/wp-content\/uploads\/2024\/09\/MR149-Toronto-Siyah-2-800x800.webp 800w, https:\/\/www.mrpratic.com.tr\/wp-content\/uploads\/2024\/09\/MR149-Toronto-Siyah-2-600x600.webp 600w, https:\/\/www.mrpratic.com.tr\/wp-content\/uploads\/2024\/09\/MR149-Toronto-Siyah-2.webp 1500w\" sizes=\"auto, (max-width: 300px) 100vw, 300px\" \/><\/div>\n\t\t\t\t\t<div class=\"wc-block-grid__product-title\">Toronto Cleaning Set 17 L<\/div>\n\t\t\t\t<\/a>\n\t\t\t\t<div class=\"wc-block-grid__product-price price\"><\/div>\n\t\t\t\t\n\t\t\t\t<div class=\"wp-block-button wc-block-grid__product-add-to-cart\"><a href=\"https:\/\/www.mrpratic.com.tr\/en\/urun\/toronto-cleaning-set-17-l\/\" aria-label=\"Read more about &ldquo;Toronto Cleaning Set 17 L&rdquo;\" data-quantity=\"1\" data-product_id=\"7325\" data-product_sku=\"MR149\" data-price=\"0\" rel=\"nofollow\" class=\"wp-block-button__link  add_to_cart_button\">Read more<\/a><\/div>\n\t\t\t<\/li><li class=\"wc-block-grid__product\">\n\t\t\t\t<a href=\"https:\/\/www.mrpratic.com.tr\/en\/urun\/buse-xl-cleaning-set-20-l\/\" class=\"wc-block-grid__product-link\">\n\t\t\t\t\t\n\t\t\t\t\t<div class=\"wc-block-grid__product-image\"><img loading=\"lazy\" decoding=\"async\" width=\"300\" height=\"300\" src=\"https:\/\/www.mrpratic.com.tr\/wp-content\/uploads\/2024\/10\/BU111-Buse-XL-Temizlik-Seti-1-300x300.webp\" class=\"attachment-woocommerce_thumbnail size-woocommerce_thumbnail\" alt=\"Buse XL Cleaning Set 20 L\" srcset=\"https:\/\/www.mrpratic.com.tr\/wp-content\/uploads\/2024\/10\/BU111-Buse-XL-Temizlik-Seti-1-300x300.webp 300w, https:\/\/www.mrpratic.com.tr\/wp-content\/uploads\/2024\/10\/BU111-Buse-XL-Temizlik-Seti-1-1024x1024.webp 1024w, https:\/\/www.mrpratic.com.tr\/wp-content\/uploads\/2024\/10\/BU111-Buse-XL-Temizlik-Seti-1-150x150.webp 150w, https:\/\/www.mrpratic.com.tr\/wp-content\/uploads\/2024\/10\/BU111-Buse-XL-Temizlik-Seti-1-768x768.webp 768w, https:\/\/www.mrpratic.com.tr\/wp-content\/uploads\/2024\/10\/BU111-Buse-XL-Temizlik-Seti-1-140x140.webp 140w, https:\/\/www.mrpratic.com.tr\/wp-content\/uploads\/2024\/10\/BU111-Buse-XL-Temizlik-Seti-1-100x100.webp 100w, https:\/\/www.mrpratic.com.tr\/wp-content\/uploads\/2024\/10\/BU111-Buse-XL-Temizlik-Seti-1-500x500.webp 500w, https:\/\/www.mrpratic.com.tr\/wp-content\/uploads\/2024\/10\/BU111-Buse-XL-Temizlik-Seti-1-350x350.webp 350w, https:\/\/www.mrpratic.com.tr\/wp-content\/uploads\/2024\/10\/BU111-Buse-XL-Temizlik-Seti-1-1000x1000.webp 1000w, https:\/\/www.mrpratic.com.tr\/wp-content\/uploads\/2024\/10\/BU111-Buse-XL-Temizlik-Seti-1-800x800.webp 800w, https:\/\/www.mrpratic.com.tr\/wp-content\/uploads\/2024\/10\/BU111-Buse-XL-Temizlik-Seti-1-600x600.webp 600w, https:\/\/www.mrpratic.com.tr\/wp-content\/uploads\/2024\/10\/BU111-Buse-XL-Temizlik-Seti-1.webp 1500w\" sizes=\"auto, (max-width: 300px) 100vw, 300px\" \/><\/div>\n\t\t\t\t\t<div class=\"wc-block-grid__product-title\">Buse XL Cleaning Set 20 L<\/div>\n\t\t\t\t<\/a>\n\t\t\t\t<div class=\"wc-block-grid__product-price price\"><\/div>\n\t\t\t\t\n\t\t\t\t<div class=\"wp-block-button wc-block-grid__product-add-to-cart\"><a href=\"https:\/\/www.mrpratic.com.tr\/en\/urun\/buse-xl-cleaning-set-20-l\/\" aria-label=\"Read more about &ldquo;Buse XL Cleaning Set 20 L&rdquo;\" data-quantity=\"1\" data-product_id=\"7326\" data-product_sku=\"BU111\" data-price=\"0\" rel=\"nofollow\" class=\"wp-block-button__link  add_to_cart_button\">Read more<\/a><\/div>\n\t\t\t<\/li><li class=\"wc-block-grid__product\">\n\t\t\t\t<a href=\"https:\/\/www.mrpratic.com.tr\/en\/urun\/spray-mop-with-clip\/\" class=\"wc-block-grid__product-link\">\n\t\t\t\t\t\n\t\t\t\t\t<div class=\"wc-block-grid__product-image\"><img loading=\"lazy\" decoding=\"async\" width=\"300\" height=\"300\" src=\"https:\/\/www.mrpratic.com.tr\/wp-content\/uploads\/2024\/10\/MR305-Mandalli-Spray-Mop-300x300.webp\" class=\"attachment-woocommerce_thumbnail size-woocommerce_thumbnail\" alt=\"Spray Mop with Clip\" srcset=\"https:\/\/www.mrpratic.com.tr\/wp-content\/uploads\/2024\/10\/MR305-Mandalli-Spray-Mop-300x300.webp 300w, https:\/\/www.mrpratic.com.tr\/wp-content\/uploads\/2024\/10\/MR305-Mandalli-Spray-Mop-1024x1024.webp 1024w, https:\/\/www.mrpratic.com.tr\/wp-content\/uploads\/2024\/10\/MR305-Mandalli-Spray-Mop-150x150.webp 150w, https:\/\/www.mrpratic.com.tr\/wp-content\/uploads\/2024\/10\/MR305-Mandalli-Spray-Mop-768x768.webp 768w, https:\/\/www.mrpratic.com.tr\/wp-content\/uploads\/2024\/10\/MR305-Mandalli-Spray-Mop-140x140.webp 140w, https:\/\/www.mrpratic.com.tr\/wp-content\/uploads\/2024\/10\/MR305-Mandalli-Spray-Mop-100x100.webp 100w, https:\/\/www.mrpratic.com.tr\/wp-content\/uploads\/2024\/10\/MR305-Mandalli-Spray-Mop-500x500.webp 500w, https:\/\/www.mrpratic.com.tr\/wp-content\/uploads\/2024\/10\/MR305-Mandalli-Spray-Mop-350x350.webp 350w, https:\/\/www.mrpratic.com.tr\/wp-content\/uploads\/2024\/10\/MR305-Mandalli-Spray-Mop-1000x1000.webp 1000w, https:\/\/www.mrpratic.com.tr\/wp-content\/uploads\/2024\/10\/MR305-Mandalli-Spray-Mop-800x800.webp 800w, https:\/\/www.mrpratic.com.tr\/wp-content\/uploads\/2024\/10\/MR305-Mandalli-Spray-Mop-600x600.webp 600w, https:\/\/www.mrpratic.com.tr\/wp-content\/uploads\/2024\/10\/MR305-Mandalli-Spray-Mop.webp 1500w\" sizes=\"auto, (max-width: 300px) 100vw, 300px\" \/><\/div>\n\t\t\t\t\t<div class=\"wc-block-grid__product-title\">Spray Mop with Clip<\/div>\n\t\t\t\t<\/a>\n\t\t\t\t<div class=\"wc-block-grid__product-price price\"><\/div>\n\t\t\t\t\n\t\t\t\t<div class=\"wp-block-button wc-block-grid__product-add-to-cart\"><a href=\"https:\/\/www.mrpratic.com.tr\/en\/urun\/spray-mop-with-clip\/\" aria-label=\"Read more about &ldquo;Spray Mop with Clip&rdquo;\" data-quantity=\"1\" data-product_id=\"7327\" data-product_sku=\"MR305\" data-price=\"0\" rel=\"nofollow\" class=\"wp-block-button__link  add_to_cart_button\">Read more<\/a><\/div>\n\t\t\t<\/li><li class=\"wc-block-grid__product\">\n\t\t\t\t<a href=\"https:\/\/www.mrpratic.com.tr\/en\/urun\/fast-clip-mop\/\" class=\"wc-block-grid__product-link\">\n\t\t\t\t\t\n\t\t\t\t\t<div class=\"wc-block-grid__product-image\"><img loading=\"lazy\" decoding=\"async\" width=\"300\" height=\"300\" src=\"https:\/\/www.mrpratic.com.tr\/wp-content\/uploads\/2024\/10\/MR302-Fast-Mandalli-Mop-300x300.webp\" class=\"attachment-woocommerce_thumbnail size-woocommerce_thumbnail\" alt=\"Fast Clip Mop\" srcset=\"https:\/\/www.mrpratic.com.tr\/wp-content\/uploads\/2024\/10\/MR302-Fast-Mandalli-Mop-300x300.webp 300w, https:\/\/www.mrpratic.com.tr\/wp-content\/uploads\/2024\/10\/MR302-Fast-Mandalli-Mop-1024x1024.webp 1024w, https:\/\/www.mrpratic.com.tr\/wp-content\/uploads\/2024\/10\/MR302-Fast-Mandalli-Mop-150x150.webp 150w, https:\/\/www.mrpratic.com.tr\/wp-content\/uploads\/2024\/10\/MR302-Fast-Mandalli-Mop-768x768.webp 768w, https:\/\/www.mrpratic.com.tr\/wp-content\/uploads\/2024\/10\/MR302-Fast-Mandalli-Mop-140x140.webp 140w, https:\/\/www.mrpratic.com.tr\/wp-content\/uploads\/2024\/10\/MR302-Fast-Mandalli-Mop-100x100.webp 100w, https:\/\/www.mrpratic.com.tr\/wp-content\/uploads\/2024\/10\/MR302-Fast-Mandalli-Mop-500x500.webp 500w, https:\/\/www.mrpratic.com.tr\/wp-content\/uploads\/2024\/10\/MR302-Fast-Mandalli-Mop-350x350.webp 350w, https:\/\/www.mrpratic.com.tr\/wp-content\/uploads\/2024\/10\/MR302-Fast-Mandalli-Mop-1000x1000.webp 1000w, https:\/\/www.mrpratic.com.tr\/wp-content\/uploads\/2024\/10\/MR302-Fast-Mandalli-Mop-800x800.webp 800w, https:\/\/www.mrpratic.com.tr\/wp-content\/uploads\/2024\/10\/MR302-Fast-Mandalli-Mop-600x600.webp 600w, https:\/\/www.mrpratic.com.tr\/wp-content\/uploads\/2024\/10\/MR302-Fast-Mandalli-Mop.webp 1500w\" sizes=\"auto, (max-width: 300px) 100vw, 300px\" \/><\/div>\n\t\t\t\t\t<div class=\"wc-block-grid__product-title\">Fast Clip Mop<\/div>\n\t\t\t\t<\/a>\n\t\t\t\t<div class=\"wc-block-grid__product-price price\"><\/div>\n\t\t\t\t\n\t\t\t\t<div class=\"wp-block-button wc-block-grid__product-add-to-cart\"><a href=\"https:\/\/www.mrpratic.com.tr\/en\/urun\/fast-clip-mop\/\" aria-label=\"Read more about &ldquo;Fast Clip Mop&rdquo;\" data-quantity=\"1\" data-product_id=\"7328\" data-product_sku=\"MR302\" data-price=\"0\" rel=\"nofollow\" class=\"wp-block-button__link  add_to_cart_button\">Read more<\/a><\/div>\n\t\t\t<\/li><\/ul><\/div><\/div>\n<\/div>\n","protected":false},"excerpt":{"rendered":"\u0130lginizi \u00e7ekebilir\u2026 Sepetiniz \u015fu anda bo\u015f! Ma\u011fazada yeni","protected":false},"author":1,"featured_media":0,"parent":0,"menu_order":0,"comment_status":"closed","ping_status":"closed","template":"","meta":{"footnotes":""},"class_list":["post-7321","page","type-page","status-publish"],"_links":{"self":[{"href":"https:\/\/www.mrpratic.com.tr\/en\/wp-json\/wp\/v2\/pages\/7321","targetHints":{"allow":["GET"]}}],"collection":[{"href":"https:\/\/www.mrpratic.com.tr\/en\/wp-json\/wp\/v2\/pages"}],"about":[{"href":"https:\/\/www.mrpratic.com.tr\/en\/wp-json\/wp\/v2\/types\/page"}],"author":[{"embeddable":true,"href":"https:\/\/www.mrpratic.com.tr\/en\/wp-json\/wp\/v2\/users\/1"}],"replies":[{"embeddable":true,"href":"https:\/\/www.mrpratic.com.tr\/en\/wp-json\/wp\/v2\/comments?post=7321"}],"version-history":[{"count":0,"href":"https:\/\/www.mrpratic.com.tr\/en\/wp-json\/wp\/v2\/pages\/7321\/revisions"}],"wp:attachment":[{"href":"https:\/\/www.mrpratic.com.tr\/en\/wp-json\/wp\/v2\/media?parent=7321"}],"curies":[{"name":"wp","href":"https:\/\/api.w.org\/{rel}","templated":true}]}}