{"id":7366,"date":"2024-09-06T17:42:11","date_gmt":"2024-09-06T14:42:11","guid":{"rendered":"https:\/\/www.mrpratic.com.tr\/urun\/retro-temizlik-seti-12-l-renkli\/"},"modified":"2024-09-06T17:42:11","modified_gmt":"2024-09-06T14:42:11","slug":"retro-temizlik-seti-12-l-renkli","status":"publish","type":"product","link":"https:\/\/www.mrpratic.com.tr\/en\/urun\/retro-temizlik-seti-12-l-renkli\/","title":{"rendered":"Retro Temizlik Seti 12 L &#8211; Renkli"},"content":{"rendered":"","protected":false},"excerpt":{"rendered":"<h2>MR203<\/h2>\n<p>&nbsp;<\/p>\n<p>Retro Temizlik Seti, 12 litrelik geni\u015f hacmiyle ev temizli\u011fini kolayla\u015ft\u0131ran bir \u00e7\u00f6z\u00fcmd\u00fcr. Renkli se\u00e7ene\u011fiyle \u015f\u0131k bir g\u00f6r\u00fcn\u00fcm sunar. Dayan\u0131kl\u0131 malzemelerden \u00fcretilmi\u015f olan set, uzun s\u00fcreli kullan\u0131m i\u00e7in uygundur. Kolay ta\u015f\u0131nabilir ve depolanabilir \u00f6zellikleri sayesinde temizlik i\u015flerinizi daha pratik hale getirir. Hijyenik ve etkili bir temizlik i\u00e7in ideal bir se\u00e7enektir.<\/p>\n<p><strong>\u00dcr\u00fcn \u00d6zellikleri<\/strong><br \/>\nKoli \u0130\u00e7 Adet : 12<br \/>\nKoli Hacmi : 0,053<br \/>\nBarkod : 8683628220030<\/p>\n","protected":false},"featured_media":7136,"comment_status":"closed","ping_status":"closed","template":"","meta":[],"product_brand":[],"product_cat":[73],"product_tag":[],"class_list":{"0":"post-7366","1":"product","2":"type-product","3":"status-publish","4":"has-post-thumbnail","6":"product_cat-cleaning-sets","8":"first","9":"instock","10":"shipping-taxable","11":"product-type-simple"},"exclude_global_add_ons":[],"addons":[],"_links":{"self":[{"href":"https:\/\/www.mrpratic.com.tr\/en\/wp-json\/wp\/v2\/product\/7366","targetHints":{"allow":["GET"]}}],"collection":[{"href":"https:\/\/www.mrpratic.com.tr\/en\/wp-json\/wp\/v2\/product"}],"about":[{"href":"https:\/\/www.mrpratic.com.tr\/en\/wp-json\/wp\/v2\/types\/product"}],"replies":[{"embeddable":true,"href":"https:\/\/www.mrpratic.com.tr\/en\/wp-json\/wp\/v2\/comments?post=7366"}],"wp:featuredmedia":[{"embeddable":true,"href":"https:\/\/www.mrpratic.com.tr\/en\/wp-json\/wp\/v2\/media\/7136"}],"wp:attachment":[{"href":"https:\/\/www.mrpratic.com.tr\/en\/wp-json\/wp\/v2\/media?parent=7366"}],"wp:term":[{"taxonomy":"product_brand","embeddable":true,"href":"https:\/\/www.mrpratic.com.tr\/en\/wp-json\/wp\/v2\/product_brand?post=7366"},{"taxonomy":"product_cat","embeddable":true,"href":"https:\/\/www.mrpratic.com.tr\/en\/wp-json\/wp\/v2\/product_cat?post=7366"},{"taxonomy":"product_tag","embeddable":true,"href":"https:\/\/www.mrpratic.com.tr\/en\/wp-json\/wp\/v2\/product_tag?post=7366"}],"curies":[{"name":"wp","href":"https:\/\/api.w.org\/{rel}","templated":true}]}}