{"id":7371,"date":"2024-09-06T11:23:53","date_gmt":"2024-09-06T08:23:53","guid":{"rendered":"https:\/\/www.mrpratic.com.tr\/urun\/smart-oto-fircasi\/"},"modified":"2024-09-06T11:23:53","modified_gmt":"2024-09-06T08:23:53","slug":"smart-oto-fircasi","status":"publish","type":"product","link":"https:\/\/www.mrpratic.com.tr\/en\/urun\/smart-oto-fircasi\/","title":{"rendered":"Smart Oto F\u0131r\u00e7as\u0131"},"content":{"rendered":"","protected":false},"excerpt":{"rendered":"<h2>MR187<\/h2>\n<p>Ak\u0131ll\u0131 tasar\u0131m\u0131yla ara\u00e7 temizli\u011finde fark yaratan SMART oto f\u0131r\u00e7a, kompakt yap\u0131s\u0131 ve etkili f\u0131r\u00e7a k\u0131llar\u0131 sayesinde arac\u0131n\u0131z\u0131 zahmetsizce temizler. Yumu\u015fak k\u0131llar\u0131, arac\u0131n\u0131z\u0131n boyas\u0131na zarar vermeden kirleri ve lekeleri temizlerken, ergonomik sap\u0131 rahat bir kullan\u0131m sunar. Ula\u015f\u0131lmas\u0131 zor b\u00f6lgelerde bile etkili sonu\u00e7lar elde etmek i\u00e7in idealdir. Hem g\u00fcnl\u00fck temizlik hem de detayl\u0131 bak\u0131m i\u00e7in m\u00fckemmel bir \u00e7\u00f6z\u00fcm olan SMART oto f\u0131r\u00e7a, pratikli\u011fi ve i\u015flevselli\u011fi bir araya getiriyor. Arac\u0131n\u0131z\u0131n her zaman parlak ve temiz kalmas\u0131n\u0131 sa\u011flamak art\u0131k \u00e7ok daha kolay!<\/p>\n<p><strong>\u00dcr\u00fcn \u00d6zellikleri<\/strong><br \/>\nKoli \u0130\u00e7 Adet : 12<br \/>\nKoli Hacmi : 0,029<br \/>\nBarkod : 8681990356876<\/p>\n","protected":false},"featured_media":7161,"comment_status":"closed","ping_status":"closed","template":"","meta":[],"product_brand":[],"product_cat":[77],"product_tag":[],"class_list":{"0":"post-7371","1":"product","2":"type-product","3":"status-publish","4":"has-post-thumbnail","6":"product_cat-auto-and-floor-brushes","8":"first","9":"instock","10":"shipping-taxable","11":"product-type-simple"},"exclude_global_add_ons":[],"addons":[],"_links":{"self":[{"href":"https:\/\/www.mrpratic.com.tr\/en\/wp-json\/wp\/v2\/product\/7371","targetHints":{"allow":["GET"]}}],"collection":[{"href":"https:\/\/www.mrpratic.com.tr\/en\/wp-json\/wp\/v2\/product"}],"about":[{"href":"https:\/\/www.mrpratic.com.tr\/en\/wp-json\/wp\/v2\/types\/product"}],"replies":[{"embeddable":true,"href":"https:\/\/www.mrpratic.com.tr\/en\/wp-json\/wp\/v2\/comments?post=7371"}],"wp:featuredmedia":[{"embeddable":true,"href":"https:\/\/www.mrpratic.com.tr\/en\/wp-json\/wp\/v2\/media\/7161"}],"wp:attachment":[{"href":"https:\/\/www.mrpratic.com.tr\/en\/wp-json\/wp\/v2\/media?parent=7371"}],"wp:term":[{"taxonomy":"product_brand","embeddable":true,"href":"https:\/\/www.mrpratic.com.tr\/en\/wp-json\/wp\/v2\/product_brand?post=7371"},{"taxonomy":"product_cat","embeddable":true,"href":"https:\/\/www.mrpratic.com.tr\/en\/wp-json\/wp\/v2\/product_cat?post=7371"},{"taxonomy":"product_tag","embeddable":true,"href":"https:\/\/www.mrpratic.com.tr\/en\/wp-json\/wp\/v2\/product_tag?post=7371"}],"curies":[{"name":"wp","href":"https:\/\/api.w.org\/{rel}","templated":true}]}}