{"id":7378,"date":"2024-09-06T10:08:03","date_gmt":"2024-09-06T07:08:03","guid":{"rendered":"https:\/\/www.mrpratic.com.tr\/urun\/cocuk-askisi-3lu-ahsap-gorunum\/"},"modified":"2024-09-06T10:08:03","modified_gmt":"2024-09-06T07:08:03","slug":"cocuk-askisi-3lu-ahsap-gorunum","status":"publish","type":"product","link":"https:\/\/www.mrpratic.com.tr\/en\/urun\/cocuk-askisi-3lu-ahsap-gorunum\/","title":{"rendered":"\u00c7ocuk Ask\u0131s\u0131 3&#8217;L\u00fc (Ah\u015fap G\u00f6r\u00fcn\u00fcm)"},"content":{"rendered":"","protected":false},"excerpt":{"rendered":"<h2>MR204<\/h2>\n<p>&nbsp;<\/p>\n<p>\u00c7ocuklar\u0131n\u0131z\u0131n k\u0131yafetlerini d\u00fczenlemek ve onlar\u0131n gard\u0131robunu organize etmek i\u00e7in m\u00fckemmel bir se\u00e7enek olan 3&#8217;l\u00fc Ah\u015fap G\u00f6r\u00fcn\u00fcml\u00fc \u00c7ocuk Ask\u0131lar\u0131, hem \u015f\u0131k hem de pratik bir \u00e7\u00f6z\u00fcmd\u00fcr. Ah\u015fap g\u00f6r\u00fcn\u00fcml\u00fc plastik malzemeden \u00fcretilmi\u015f olan bu ask\u0131lar, do\u011fal ah\u015fap dokusunu and\u0131ran estetik bir g\u00f6r\u00fcn\u00fcme sahiptir. Hafif ancak dayan\u0131kl\u0131 olan bu ask\u0131lar, \u00e7ocuk k\u0131yafetlerini k\u0131r\u0131\u015fmadan ve d\u00fczg\u00fcn bir \u015fekilde asmak i\u00e7in idealdir. Kaymaz y\u00fczeyleri sayesinde k\u0131yafetlerin d\u00fc\u015fmesini engeller ve dolab\u0131n d\u00fczenli bir g\u00f6r\u00fcn\u00fcm kazanmas\u0131n\u0131 sa\u011flar. Ayr\u0131ca yer kaplamayan tasar\u0131m\u0131yla \u00e7ocuklar\u0131n\u0131z\u0131n gard\u0131robunda daha fazla depolama alan\u0131 yarat\u0131r. Zarif g\u00f6r\u00fcn\u00fcm\u00fc ve pratik kullan\u0131m\u0131yla bu 3&#8217;l\u00fc \u00e7ocuk ask\u0131 seti, \u00e7ocuklar\u0131n\u0131z\u0131n k\u0131yafetlerini d\u00fczenlemenin kolay bir yolunu sunar.<\/p>\n<p><strong>\u00dcr\u00fcn \u00d6zellikleri<\/strong><br \/>\nKoli \u0130\u00e7 Adet : 48 Paket<br \/>\nKoli Hacmi : 0,075<br \/>\nBarkod : 8683628220047<\/p>\n","protected":false},"featured_media":7100,"comment_status":"closed","ping_status":"closed","template":"","meta":[],"product_brand":[],"product_cat":[78],"product_tag":[],"class_list":{"0":"post-7378","1":"product","2":"type-product","3":"status-publish","4":"has-post-thumbnail","6":"product_cat-clothes-hangers","8":"first","9":"instock","10":"shipping-taxable","11":"product-type-simple"},"exclude_global_add_ons":[],"addons":[],"_links":{"self":[{"href":"https:\/\/www.mrpratic.com.tr\/en\/wp-json\/wp\/v2\/product\/7378","targetHints":{"allow":["GET"]}}],"collection":[{"href":"https:\/\/www.mrpratic.com.tr\/en\/wp-json\/wp\/v2\/product"}],"about":[{"href":"https:\/\/www.mrpratic.com.tr\/en\/wp-json\/wp\/v2\/types\/product"}],"replies":[{"embeddable":true,"href":"https:\/\/www.mrpratic.com.tr\/en\/wp-json\/wp\/v2\/comments?post=7378"}],"wp:featuredmedia":[{"embeddable":true,"href":"https:\/\/www.mrpratic.com.tr\/en\/wp-json\/wp\/v2\/media\/7100"}],"wp:attachment":[{"href":"https:\/\/www.mrpratic.com.tr\/en\/wp-json\/wp\/v2\/media?parent=7378"}],"wp:term":[{"taxonomy":"product_brand","embeddable":true,"href":"https:\/\/www.mrpratic.com.tr\/en\/wp-json\/wp\/v2\/product_brand?post=7378"},{"taxonomy":"product_cat","embeddable":true,"href":"https:\/\/www.mrpratic.com.tr\/en\/wp-json\/wp\/v2\/product_cat?post=7378"},{"taxonomy":"product_tag","embeddable":true,"href":"https:\/\/www.mrpratic.com.tr\/en\/wp-json\/wp\/v2\/product_tag?post=7378"}],"curies":[{"name":"wp","href":"https:\/\/api.w.org\/{rel}","templated":true}]}}