{"id":7380,"date":"2024-09-06T10:03:53","date_gmt":"2024-09-06T07:03:53","guid":{"rendered":"https:\/\/www.mrpratic.com.tr\/urun\/standart-plastik-aski-6li\/"},"modified":"2024-09-06T10:03:53","modified_gmt":"2024-09-06T07:03:53","slug":"standart-plastik-aski-6li","status":"publish","type":"product","link":"https:\/\/www.mrpratic.com.tr\/en\/urun\/standart-plastik-aski-6li\/","title":{"rendered":"Standart Plastik Ask\u0131 6&#8217;L\u0131"},"content":{"rendered":"","protected":false},"excerpt":{"rendered":"<h2>MR194<\/h2>\n<p>&nbsp;<\/p>\n<p>6&#8217;l\u0131 Plastik Pratic Ask\u0131lar, gard\u0131robunuzu d\u00fczenlemenin ve k\u0131yafetlerinizi organize etmenin pratik ve ekonomik bir yoludur. Dayan\u0131kl\u0131 plastik malzemeden \u00fcretilmi\u015f olan bu ask\u0131lar, hafif ancak sa\u011flam bir yap\u0131ya sahiptir ve \u00e7e\u015fitli giysi t\u00fcrlerini asmak i\u00e7in idealdir. Kaymaz y\u00fczeyleri sayesinde k\u0131yafetlerinizin d\u00fc\u015fmesini engeller ve dolab\u0131n\u0131zda d\u00fczenli bir g\u00f6r\u00fcn\u00fcm sa\u011flar. Ayn\u0131 zamanda yer kaplamayan tasar\u0131m\u0131yla gard\u0131robunuzda daha fazla depolama alan\u0131 yarat\u0131r. Pratik, dayan\u0131kl\u0131 ve uygun fiyatl\u0131 olan bu 6&#8217;l\u00fc ask\u0131 seti, evinizin d\u00fczenini sa\u011flamak i\u00e7in m\u00fckemmel bir se\u00e7enektir.<\/p>\n<p><strong>\u00dcr\u00fcn \u00d6zellikleri<\/strong><br \/>\nKoli \u0130\u00e7 Adet : 24 Paket<br \/>\nKoli Hacmi : 0,075<br \/>\nBarkod : 8681990356944<\/p>\n","protected":false},"featured_media":7102,"comment_status":"closed","ping_status":"closed","template":"","meta":[],"product_brand":[],"product_cat":[78],"product_tag":[],"class_list":{"0":"post-7380","1":"product","2":"type-product","3":"status-publish","4":"has-post-thumbnail","6":"product_cat-clothes-hangers","8":"first","9":"instock","10":"shipping-taxable","11":"product-type-simple"},"exclude_global_add_ons":[],"addons":[],"_links":{"self":[{"href":"https:\/\/www.mrpratic.com.tr\/en\/wp-json\/wp\/v2\/product\/7380","targetHints":{"allow":["GET"]}}],"collection":[{"href":"https:\/\/www.mrpratic.com.tr\/en\/wp-json\/wp\/v2\/product"}],"about":[{"href":"https:\/\/www.mrpratic.com.tr\/en\/wp-json\/wp\/v2\/types\/product"}],"replies":[{"embeddable":true,"href":"https:\/\/www.mrpratic.com.tr\/en\/wp-json\/wp\/v2\/comments?post=7380"}],"wp:featuredmedia":[{"embeddable":true,"href":"https:\/\/www.mrpratic.com.tr\/en\/wp-json\/wp\/v2\/media\/7102"}],"wp:attachment":[{"href":"https:\/\/www.mrpratic.com.tr\/en\/wp-json\/wp\/v2\/media?parent=7380"}],"wp:term":[{"taxonomy":"product_brand","embeddable":true,"href":"https:\/\/www.mrpratic.com.tr\/en\/wp-json\/wp\/v2\/product_brand?post=7380"},{"taxonomy":"product_cat","embeddable":true,"href":"https:\/\/www.mrpratic.com.tr\/en\/wp-json\/wp\/v2\/product_cat?post=7380"},{"taxonomy":"product_tag","embeddable":true,"href":"https:\/\/www.mrpratic.com.tr\/en\/wp-json\/wp\/v2\/product_tag?post=7380"}],"curies":[{"name":"wp","href":"https:\/\/api.w.org\/{rel}","templated":true}]}}