{"id":7388,"date":"2024-09-06T09:25:58","date_gmt":"2024-09-06T06:25:58","guid":{"rendered":"https:\/\/www.mrpratic.com.tr\/urun\/orta-yersil-40-cm\/"},"modified":"2024-09-06T09:25:58","modified_gmt":"2024-09-06T06:25:58","slug":"orta-yersil-40-cm","status":"publish","type":"product","link":"https:\/\/www.mrpratic.com.tr\/en\/urun\/orta-yersil-40-cm\/","title":{"rendered":"Orta Yersil 40 cm"},"content":{"rendered":"","protected":false},"excerpt":{"rendered":"<h2>MR177<\/h2>\n<p>&nbsp;<\/p>\n<p>40 cm&#8217;lik Orta Boy Yersil, zeminleri temizlemek ve parlatmak i\u00e7in etkili ve verimli bir \u00e7\u00f6z\u00fcmd\u00fcr. Dayan\u0131kl\u0131 plastik malzemeden \u00fcretilmi\u015f olan bu silme aleti, geni\u015f y\u00fczeyi sayesinde daha b\u00fcy\u00fck alanlar\u0131 daha k\u0131sa s\u00fcrede temizlemenizi sa\u011flar. Ergonomik tasar\u0131m\u0131 ve uzun sap\u0131yla kullan\u0131m\u0131 kolayd\u0131r ve kullan\u0131c\u0131ya konfor sa\u011flar. Yer silme s\u00fcngerinin etkili temizlik sa\u011flamas\u0131yla, zeminleriniz kolayca lekesiz ve par\u0131ldayan bir g\u00f6r\u00fcn\u00fcme kavu\u015fur. Ev ve i\u015fyerlerinde yayg\u0131n olarak kullan\u0131lan bu b\u00fcy\u00fck boy yer silme aleti, pratik ve dayan\u0131kl\u0131 yap\u0131s\u0131yla temizlik rutininizi kolayla\u015ft\u0131r\u0131r.<\/p>\n<p><strong>\u00dcr\u00fcn \u00d6zellikleri<\/strong><br \/>\nKoli \u0130\u00e7 Adet : 50<br \/>\nKoli Hacmi : 0,060<br \/>\nBarkod : 8681990356777<\/p>\n","protected":false},"featured_media":7183,"comment_status":"closed","ping_status":"closed","template":"","meta":[],"product_brand":[],"product_cat":[75],"product_tag":[],"class_list":{"0":"post-7388","1":"product","2":"type-product","3":"status-publish","4":"has-post-thumbnail","6":"product_cat-kitchen-and-bathroom-products","8":"first","9":"instock","10":"shipping-taxable","11":"product-type-simple"},"exclude_global_add_ons":[],"addons":[],"_links":{"self":[{"href":"https:\/\/www.mrpratic.com.tr\/en\/wp-json\/wp\/v2\/product\/7388","targetHints":{"allow":["GET"]}}],"collection":[{"href":"https:\/\/www.mrpratic.com.tr\/en\/wp-json\/wp\/v2\/product"}],"about":[{"href":"https:\/\/www.mrpratic.com.tr\/en\/wp-json\/wp\/v2\/types\/product"}],"replies":[{"embeddable":true,"href":"https:\/\/www.mrpratic.com.tr\/en\/wp-json\/wp\/v2\/comments?post=7388"}],"wp:featuredmedia":[{"embeddable":true,"href":"https:\/\/www.mrpratic.com.tr\/en\/wp-json\/wp\/v2\/media\/7183"}],"wp:attachment":[{"href":"https:\/\/www.mrpratic.com.tr\/en\/wp-json\/wp\/v2\/media?parent=7388"}],"wp:term":[{"taxonomy":"product_brand","embeddable":true,"href":"https:\/\/www.mrpratic.com.tr\/en\/wp-json\/wp\/v2\/product_brand?post=7388"},{"taxonomy":"product_cat","embeddable":true,"href":"https:\/\/www.mrpratic.com.tr\/en\/wp-json\/wp\/v2\/product_cat?post=7388"},{"taxonomy":"product_tag","embeddable":true,"href":"https:\/\/www.mrpratic.com.tr\/en\/wp-json\/wp\/v2\/product_tag?post=7388"}],"curies":[{"name":"wp","href":"https:\/\/api.w.org\/{rel}","templated":true}]}}