{"id":7390,"date":"2024-09-06T01:20:30","date_gmt":"2024-09-05T22:20:30","guid":{"rendered":"https:\/\/www.mrpratic.com.tr\/urun\/ela-tekli-girgir\/"},"modified":"2024-09-06T01:20:30","modified_gmt":"2024-09-05T22:20:30","slug":"ela-tekli-girgir","status":"publish","type":"product","link":"https:\/\/www.mrpratic.com.tr\/en\/urun\/ela-tekli-girgir\/","title":{"rendered":"Ela Tekli G\u0131rg\u0131r"},"content":{"rendered":"","protected":false},"excerpt":{"rendered":"<h2>MR192<\/h2>\n<p>&nbsp;<\/p>\n<p>Ela Tekli G\u0131rg\u0131r, evinizdeki toz, k\u0131l, t\u00fcy, k\u00fc\u00e7\u00fck d\u00f6k\u00fcnt\u00fcler ve k\u0131r\u0131nt\u0131lardan kurtulman\u0131z\u0131 sa\u011flayan pratik bir temizlik arac\u0131d\u0131r. Evinizdeki her t\u00fcrl\u00fc y\u00fczeyde etkili bir \u015fekilde kullan\u0131labilen bu \u00fcr\u00fcn, \u00f6zellikle mobilyalar, hal\u0131lar, koltuklar ve di\u011fer zeminler \u00fczerinde m\u00fckemmel sonu\u00e7lar verir. F\u0131r\u00e7as\u0131 sayesinde k\u0131r\u0131nt\u0131lar\u0131 ve di\u011fer k\u00fc\u00e7\u00fck d\u00f6k\u00fcnt\u00fcleri etkili bir \u015fekilde toplayarak temizlik i\u015flemini kolayla\u015ft\u0131r\u0131r. Toplad\u0131\u011f\u0131 kiri ve d\u00f6k\u00fcnt\u00fcleri haznesinde biriktirir, b\u00f6ylece temizlik sonras\u0131 at\u0131k birikintileriyle u\u011fra\u015fman\u0131z\u0131 engeller. Kolay kullan\u0131m\u0131 ve etkili temizlik performans\u0131yla G\u0131rg\u0131r, evinizde hijyenik bir ortam sa\u011flaman\u0131za yard\u0131mc\u0131 olur.<\/p>\n<p><strong>\u00dcr\u00fcn \u00d6zellikleri<\/strong><br \/>\nKoli \u0130\u00e7 Adet : 72<br \/>\nKoli Hacmi : 0,051<br \/>\nBarkod : 8681990356920<\/p>\n","protected":false},"featured_media":7106,"comment_status":"closed","ping_status":"closed","template":"","meta":[],"product_brand":[],"product_cat":[79],"product_tag":[],"class_list":{"0":"post-7390","1":"product","2":"type-product","3":"status-publish","4":"has-post-thumbnail","6":"product_cat-variety-of-carpet-sweepers","8":"first","9":"instock","10":"shipping-taxable","11":"product-type-simple"},"exclude_global_add_ons":[],"addons":[],"_links":{"self":[{"href":"https:\/\/www.mrpratic.com.tr\/en\/wp-json\/wp\/v2\/product\/7390","targetHints":{"allow":["GET"]}}],"collection":[{"href":"https:\/\/www.mrpratic.com.tr\/en\/wp-json\/wp\/v2\/product"}],"about":[{"href":"https:\/\/www.mrpratic.com.tr\/en\/wp-json\/wp\/v2\/types\/product"}],"replies":[{"embeddable":true,"href":"https:\/\/www.mrpratic.com.tr\/en\/wp-json\/wp\/v2\/comments?post=7390"}],"wp:featuredmedia":[{"embeddable":true,"href":"https:\/\/www.mrpratic.com.tr\/en\/wp-json\/wp\/v2\/media\/7106"}],"wp:attachment":[{"href":"https:\/\/www.mrpratic.com.tr\/en\/wp-json\/wp\/v2\/media?parent=7390"}],"wp:term":[{"taxonomy":"product_brand","embeddable":true,"href":"https:\/\/www.mrpratic.com.tr\/en\/wp-json\/wp\/v2\/product_brand?post=7390"},{"taxonomy":"product_cat","embeddable":true,"href":"https:\/\/www.mrpratic.com.tr\/en\/wp-json\/wp\/v2\/product_cat?post=7390"},{"taxonomy":"product_tag","embeddable":true,"href":"https:\/\/www.mrpratic.com.tr\/en\/wp-json\/wp\/v2\/product_tag?post=7390"}],"curies":[{"name":"wp","href":"https:\/\/api.w.org\/{rel}","templated":true}]}}