{"id":7391,"date":"2024-09-06T01:14:39","date_gmt":"2024-09-05T22:14:39","guid":{"rendered":"https:\/\/www.mrpratic.com.tr\/urun\/3-katli-organizer\/"},"modified":"2024-09-06T01:14:39","modified_gmt":"2024-09-05T22:14:39","slug":"3-katli-organizer","status":"publish","type":"product","link":"https:\/\/www.mrpratic.com.tr\/en\/urun\/3-katli-organizer\/","title":{"rendered":"3 Katl\u0131 Organizer"},"content":{"rendered":"","protected":false},"excerpt":{"rendered":"<h2>MR174<\/h2>\n<p>&nbsp;<\/p>\n<p>Evdeki d\u00fczeni sa\u011flamak ve e\u015fyalar\u0131n\u0131z\u0131 organize etmek i\u00e7in m\u00fckemmel bir \u00e7\u00f6z\u00fcm olan 3 Katl\u0131 Organizer, pratik ve \u015f\u0131k bir depolama \u00e7\u00f6z\u00fcm\u00fc sunar. \u00dc\u00e7 farkl\u0131 katman\u0131yla, \u00e7e\u015fitli e\u015fyalar\u0131n\u0131z\u0131 d\u00fczenli bir \u015fekilde saklaman\u0131z\u0131 sa\u011flar. Dayan\u0131kl\u0131 plastik malzemeden \u00fcretilmi\u015f olan bu organizer, uzun \u00f6m\u00fcrl\u00fc kullan\u0131m vaat eder. Her katman\u0131 ayr\u0131 ayr\u0131 \u00e7\u0131kar\u0131labilir ve d\u00fczenlenebilir, b\u00f6ylece depolama alan\u0131n\u0131z\u0131 ihtiyac\u0131n\u0131za g\u00f6re uyarlayabilirsiniz. K\u00fc\u00e7\u00fck ev aletleri, mutfak gere\u00e7leri, kozmetik \u00fcr\u00fcnleri veya ofis malzemeleri gibi \u00e7e\u015fitli e\u015fyalar\u0131 d\u00fczenlemek i\u00e7in ideal olan bu organizer, her t\u00fcrl\u00fc ortama uyum sa\u011flayacak \u015f\u0131k tasar\u0131m\u0131yla da dikkat \u00e7eker. Ev veya ofis d\u00fczeninizi sa\u011flamak ve e\u015fyalar\u0131n\u0131z\u0131 kolayca bulunabilir bir \u015fekilde saklamak i\u00e7in 3 Katl\u0131 Organizer&#8217;i tercih edebilirsiniz.<\/p>\n<p><strong>\u00dcr\u00fcn \u00d6zellikleri<\/strong><br \/>\nKoli \u0130\u00e7 Adet : 12<br \/>\nKoli Hacmi : &#8211;<br \/>\nBarkod : 8681990356746<\/p>\n","protected":false},"featured_media":7141,"comment_status":"closed","ping_status":"closed","template":"","meta":[],"product_brand":[],"product_cat":[80],"product_tag":[],"class_list":{"0":"post-7391","1":"product","2":"type-product","3":"status-publish","4":"has-post-thumbnail","6":"product_cat-organizers","8":"first","9":"instock","10":"shipping-taxable","11":"product-type-simple"},"exclude_global_add_ons":[],"addons":[],"_links":{"self":[{"href":"https:\/\/www.mrpratic.com.tr\/en\/wp-json\/wp\/v2\/product\/7391","targetHints":{"allow":["GET"]}}],"collection":[{"href":"https:\/\/www.mrpratic.com.tr\/en\/wp-json\/wp\/v2\/product"}],"about":[{"href":"https:\/\/www.mrpratic.com.tr\/en\/wp-json\/wp\/v2\/types\/product"}],"replies":[{"embeddable":true,"href":"https:\/\/www.mrpratic.com.tr\/en\/wp-json\/wp\/v2\/comments?post=7391"}],"wp:featuredmedia":[{"embeddable":true,"href":"https:\/\/www.mrpratic.com.tr\/en\/wp-json\/wp\/v2\/media\/7141"}],"wp:attachment":[{"href":"https:\/\/www.mrpratic.com.tr\/en\/wp-json\/wp\/v2\/media?parent=7391"}],"wp:term":[{"taxonomy":"product_brand","embeddable":true,"href":"https:\/\/www.mrpratic.com.tr\/en\/wp-json\/wp\/v2\/product_brand?post=7391"},{"taxonomy":"product_cat","embeddable":true,"href":"https:\/\/www.mrpratic.com.tr\/en\/wp-json\/wp\/v2\/product_cat?post=7391"},{"taxonomy":"product_tag","embeddable":true,"href":"https:\/\/www.mrpratic.com.tr\/en\/wp-json\/wp\/v2\/product_tag?post=7391"}],"curies":[{"name":"wp","href":"https:\/\/api.w.org\/{rel}","templated":true}]}}