{"id":7399,"date":"2024-09-06T00:11:32","date_gmt":"2024-09-05T21:11:32","guid":{"rendered":"https:\/\/www.mrpratic.com.tr\/urun\/pandora-shine-2li-banyo-seti\/"},"modified":"2024-09-06T00:11:32","modified_gmt":"2024-09-05T21:11:32","slug":"pandora-shine-2li-banyo-seti","status":"publish","type":"product","link":"https:\/\/www.mrpratic.com.tr\/en\/urun\/pandora-shine-2li-banyo-seti\/","title":{"rendered":"Pandora Shine 2&#8217;Li Banyo Seti"},"content":{"rendered":"","protected":false},"excerpt":{"rendered":"<h2>MR243<\/h2>\n<p>&nbsp;<\/p>\n<p>Pandora Shine 3&#8217;l\u00fc Banyo Seti, banyonuzda temel ihtiya\u00e7lar\u0131n\u0131z\u0131 kar\u015f\u0131lamak i\u00e7in ideal bir \u00e7\u00f6z\u00fcmd\u00fcr. Bu set, banyonuzun d\u00fczenini sa\u011flarken ayn\u0131 zamanda pratik bir kullan\u0131m sunar. Dayan\u0131kl\u0131 malzemelerden \u00fcretilmi\u015f olan \u00fcr\u00fcnler, uzun s\u00fcreli kullan\u0131m sa\u011flar. Zarif tasar\u0131m\u0131yla banyonuza estetik bir g\u00f6r\u00fcn\u00fcm katar. Temizlik ve d\u00fczenleme i\u015flerinizi kolayla\u015ft\u0131ran bu pratik set, banyo deneyiminizi daha konforlu hale getirir.<\/p>\n<p><strong>\u00dcr\u00fcn \u00d6zellikleri<\/strong><br \/>\nKoli \u0130\u00e7 Adet : 1<br \/>\nKoli Hacmi : 0,016<br \/>\nBarkod : 8683628220405<\/p>\n","protected":false},"featured_media":7132,"comment_status":"closed","ping_status":"closed","template":"","meta":[],"product_brand":[],"product_cat":[75],"product_tag":[],"class_list":{"0":"post-7399","1":"product","2":"type-product","3":"status-publish","4":"has-post-thumbnail","6":"product_cat-kitchen-and-bathroom-products","8":"first","9":"instock","10":"shipping-taxable","11":"product-type-simple"},"exclude_global_add_ons":[],"addons":[],"_links":{"self":[{"href":"https:\/\/www.mrpratic.com.tr\/en\/wp-json\/wp\/v2\/product\/7399","targetHints":{"allow":["GET"]}}],"collection":[{"href":"https:\/\/www.mrpratic.com.tr\/en\/wp-json\/wp\/v2\/product"}],"about":[{"href":"https:\/\/www.mrpratic.com.tr\/en\/wp-json\/wp\/v2\/types\/product"}],"replies":[{"embeddable":true,"href":"https:\/\/www.mrpratic.com.tr\/en\/wp-json\/wp\/v2\/comments?post=7399"}],"wp:featuredmedia":[{"embeddable":true,"href":"https:\/\/www.mrpratic.com.tr\/en\/wp-json\/wp\/v2\/media\/7132"}],"wp:attachment":[{"href":"https:\/\/www.mrpratic.com.tr\/en\/wp-json\/wp\/v2\/media?parent=7399"}],"wp:term":[{"taxonomy":"product_brand","embeddable":true,"href":"https:\/\/www.mrpratic.com.tr\/en\/wp-json\/wp\/v2\/product_brand?post=7399"},{"taxonomy":"product_cat","embeddable":true,"href":"https:\/\/www.mrpratic.com.tr\/en\/wp-json\/wp\/v2\/product_cat?post=7399"},{"taxonomy":"product_tag","embeddable":true,"href":"https:\/\/www.mrpratic.com.tr\/en\/wp-json\/wp\/v2\/product_tag?post=7399"}],"curies":[{"name":"wp","href":"https:\/\/api.w.org\/{rel}","templated":true}]}}