{"id":7402,"date":"2024-09-05T23:51:11","date_gmt":"2024-09-05T20:51:11","guid":{"rendered":"https:\/\/www.mrpratic.com.tr\/urun\/double-temizlik-seti\/"},"modified":"2024-09-05T23:51:11","modified_gmt":"2024-09-05T20:51:11","slug":"double-temizlik-seti","status":"publish","type":"product","link":"https:\/\/www.mrpratic.com.tr\/en\/urun\/double-temizlik-seti\/","title":{"rendered":"Double Temizlik Seti"},"content":{"rendered":"","protected":false},"excerpt":{"rendered":"<h2>MR235<\/h2>\n<p>&nbsp;<\/p>\n<p>Double Temizlik Seti, ayr\u0131labilir \u00e7ift haznesi sayesinde temiz suyu her zaman kirli sudan ayr\u0131 tutarak hijyenik bir temizlik sa\u011flar. Bu \u00f6zellik, temizlik s\u0131ras\u0131nda kullan\u0131lan suyun s\u00fcrekli olarak kirli hale gelmesini \u00f6nler ve b\u00f6ylece her seferinde temiz su kullanman\u0131z\u0131 sa\u011flar. Ayr\u0131ca, setin i\u00e7inde bulunan \u00e7ift hazne, farkl\u0131 temizlik sol\u00fcsyonlar\u0131n\u0131 kullanman\u0131za olanak tan\u0131r, b\u00f6ylece farkl\u0131 zeminler i\u00e7in farkl\u0131 temizlik ihtiya\u00e7lar\u0131n\u0131 kar\u015f\u0131layabilirsiniz. Dayan\u0131kl\u0131 malzemelerden yap\u0131lm\u0131\u015f olan bu set, uzun \u00f6m\u00fcrl\u00fc kullan\u0131m sa\u011flar ve temizlik i\u015flerinizi daha etkili hale getirir. Hijyenik ve pratik bir temizlik deneyimi sunar.<\/p>\n<p><strong>\u00dcr\u00fcn \u00d6zellikleri<\/strong><br \/>\nKoli \u0130\u00e7 Adet : 1<br \/>\nKoli Hacmi : 0,031<br \/>\nBarkod : 8683628220351<\/p>\n","protected":false},"featured_media":7148,"comment_status":"closed","ping_status":"closed","template":"","meta":[],"product_brand":[],"product_cat":[73],"product_tag":[],"class_list":{"0":"post-7402","1":"product","2":"type-product","3":"status-publish","4":"has-post-thumbnail","6":"product_cat-cleaning-sets","8":"first","9":"instock","10":"shipping-taxable","11":"product-type-simple"},"exclude_global_add_ons":[],"addons":[],"_links":{"self":[{"href":"https:\/\/www.mrpratic.com.tr\/en\/wp-json\/wp\/v2\/product\/7402","targetHints":{"allow":["GET"]}}],"collection":[{"href":"https:\/\/www.mrpratic.com.tr\/en\/wp-json\/wp\/v2\/product"}],"about":[{"href":"https:\/\/www.mrpratic.com.tr\/en\/wp-json\/wp\/v2\/types\/product"}],"replies":[{"embeddable":true,"href":"https:\/\/www.mrpratic.com.tr\/en\/wp-json\/wp\/v2\/comments?post=7402"}],"wp:featuredmedia":[{"embeddable":true,"href":"https:\/\/www.mrpratic.com.tr\/en\/wp-json\/wp\/v2\/media\/7148"}],"wp:attachment":[{"href":"https:\/\/www.mrpratic.com.tr\/en\/wp-json\/wp\/v2\/media?parent=7402"}],"wp:term":[{"taxonomy":"product_brand","embeddable":true,"href":"https:\/\/www.mrpratic.com.tr\/en\/wp-json\/wp\/v2\/product_brand?post=7402"},{"taxonomy":"product_cat","embeddable":true,"href":"https:\/\/www.mrpratic.com.tr\/en\/wp-json\/wp\/v2\/product_cat?post=7402"},{"taxonomy":"product_tag","embeddable":true,"href":"https:\/\/www.mrpratic.com.tr\/en\/wp-json\/wp\/v2\/product_tag?post=7402"}],"curies":[{"name":"wp","href":"https:\/\/api.w.org\/{rel}","templated":true}]}}