{"id":7403,"date":"2024-09-05T23:29:53","date_gmt":"2024-09-05T20:29:53","guid":{"rendered":"https:\/\/www.mrpratic.com.tr\/urun\/space-mop-temizlik-seti\/"},"modified":"2024-09-05T23:29:53","modified_gmt":"2024-09-05T20:29:53","slug":"space-mop-temizlik-seti","status":"publish","type":"product","link":"https:\/\/www.mrpratic.com.tr\/en\/urun\/space-mop-temizlik-seti\/","title":{"rendered":"Space Mop Temizlik Seti"},"content":{"rendered":"","protected":false},"excerpt":{"rendered":"<h2>MR237<\/h2>\n<p>&nbsp;<\/p>\n<p>SpaceMop, kompakt tasar\u0131m\u0131 ve pratik s\u00fcrg\u00fcl\u00fc sistemi ile ev veya i\u015fyerinizde temizlik i\u015flerini kolayla\u015ft\u0131r\u0131r. Az yer kaplayan yap\u0131s\u0131yla depolama sorunu ya\u015famazs\u0131n\u0131z. Hafif ve kullan\u0131\u015fl\u0131 yap\u0131s\u0131yla temizlik i\u015flerini h\u0131zl\u0131 ve etkili bir \u015fekilde tamamlaman\u0131z\u0131 sa\u011flar.<\/p>\n<p><strong>\u00dcr\u00fcn \u00d6zellikleri<\/strong><br \/>\nKoli \u0130\u00e7 Adet : 1<br \/>\nKoli Hacmi : 0,031<br \/>\nBarkod : 8683628220375<\/p>\n","protected":false},"featured_media":7157,"comment_status":"closed","ping_status":"closed","template":"","meta":[],"product_brand":[],"product_cat":[73],"product_tag":[],"class_list":{"0":"post-7403","1":"product","2":"type-product","3":"status-publish","4":"has-post-thumbnail","6":"product_cat-cleaning-sets","8":"first","9":"instock","10":"shipping-taxable","11":"product-type-simple"},"exclude_global_add_ons":[],"addons":[],"_links":{"self":[{"href":"https:\/\/www.mrpratic.com.tr\/en\/wp-json\/wp\/v2\/product\/7403","targetHints":{"allow":["GET"]}}],"collection":[{"href":"https:\/\/www.mrpratic.com.tr\/en\/wp-json\/wp\/v2\/product"}],"about":[{"href":"https:\/\/www.mrpratic.com.tr\/en\/wp-json\/wp\/v2\/types\/product"}],"replies":[{"embeddable":true,"href":"https:\/\/www.mrpratic.com.tr\/en\/wp-json\/wp\/v2\/comments?post=7403"}],"wp:featuredmedia":[{"embeddable":true,"href":"https:\/\/www.mrpratic.com.tr\/en\/wp-json\/wp\/v2\/media\/7157"}],"wp:attachment":[{"href":"https:\/\/www.mrpratic.com.tr\/en\/wp-json\/wp\/v2\/media?parent=7403"}],"wp:term":[{"taxonomy":"product_brand","embeddable":true,"href":"https:\/\/www.mrpratic.com.tr\/en\/wp-json\/wp\/v2\/product_brand?post=7403"},{"taxonomy":"product_cat","embeddable":true,"href":"https:\/\/www.mrpratic.com.tr\/en\/wp-json\/wp\/v2\/product_cat?post=7403"},{"taxonomy":"product_tag","embeddable":true,"href":"https:\/\/www.mrpratic.com.tr\/en\/wp-json\/wp\/v2\/product_tag?post=7403"}],"curies":[{"name":"wp","href":"https:\/\/api.w.org\/{rel}","templated":true}]}}